{"id":1761,"date":"2025-02-06T15:29:36","date_gmt":"2025-02-06T15:29:36","guid":{"rendered":"https:\/\/labio.gyntest.com\/endometriosis\/"},"modified":"2025-05-30T15:26:22","modified_gmt":"2025-05-30T15:26:22","slug":"endometriosis","status":"publish","type":"page","link":"https:\/\/labio.gyntest.com\/en\/endometriosis\/","title":{"rendered":"Endometriosis"},"content":{"rendered":"\t\t<div data-elementor-type=\"wp-page\" data-elementor-id=\"1761\" class=\"elementor elementor-1761 elementor-824\" data-elementor-post-type=\"page\">\n\t\t\t\t<div class=\"elementor-element elementor-element-b4728d4 e-flex e-con-boxed e-con e-parent\" data-id=\"b4728d4\" data-element_type=\"container\" data-e-type=\"container\" data-settings=\"{&quot;background_background&quot;:&quot;classic&quot;}\">\n\t\t\t\t\t<div class=\"e-con-inner\">\n\t\t<div class=\"elementor-element elementor-element-a7076d9 e-con-full e-flex e-con e-child\" data-id=\"a7076d9\" data-element_type=\"container\" data-e-type=\"container\">\n\t\t\t\t<div class=\"elementor-element elementor-element-ad0028a elementor-widget elementor-widget-heading\" data-id=\"ad0028a\" data-element_type=\"widget\" data-e-type=\"widget\" data-widget_type=\"heading.default\">\n\t\t\t\t<div class=\"elementor-widget-container\">\n\t\t\t\t\t<h1 class=\"elementor-heading-title elementor-size-default\">Endometriosis<\/h1>\t\t\t\t<\/div>\n\t\t\t\t<\/div>\n\t\t\t\t<\/div>\n\t\t\t\t\t<\/div>\n\t\t\t\t<\/div>\n\t\t<div class=\"elementor-element elementor-element-5523cd4 e-flex e-con-boxed e-con e-parent\" data-id=\"5523cd4\" data-element_type=\"container\" data-e-type=\"container\">\n\t\t\t\t\t<div class=\"e-con-inner\">\n\t\t<div class=\"elementor-element elementor-element-8bb6d5e e-con-full e-flex e-con e-child\" data-id=\"8bb6d5e\" data-element_type=\"container\" data-e-type=\"container\">\n\t\t\t\t<div class=\"elementor-element elementor-element-6c39124 elementor-widget elementor-widget-text-editor\" data-id=\"6c39124\" data-element_type=\"widget\" data-e-type=\"widget\" data-widget_type=\"text-editor.default\">\n\t\t\t\t<div class=\"elementor-widget-container\">\n\t\t\t\t\t\t\t\t\t<p><strong>In the context of an imbalance in vaginal flora<\/strong>, the reduction or absence of certain bacteria (Atopobium, Gemella) and the increase in Gardnerella make it possible to orientate endometriosis risk factors as early as the first painful periods, prior to the search for <strong>salivary microRNA<\/strong> markers <strong>by genomic sequencing<\/strong>.<\/p>\t\t\t\t\t\t\t\t<\/div>\n\t\t\t\t<\/div>\n\t\t\t\t<\/div>\n\t\t<div class=\"elementor-element elementor-element-48aef2a e-con-full e-flex e-con e-child\" data-id=\"48aef2a\" data-element_type=\"container\" data-e-type=\"container\">\n\t\t\t\t<div class=\"elementor-element elementor-element-7b8ec11 elementor-widget elementor-widget-image\" data-id=\"7b8ec11\" data-element_type=\"widget\" data-e-type=\"widget\" data-widget_type=\"image.default\">\n\t\t\t\t<div class=\"elementor-widget-container\">\n\t\t\t\t\t\t\t\t\t\t\t\t\t\t\t<img fetchpriority=\"high\" decoding=\"async\" width=\"1000\" height=\"667\" src=\"https:\/\/labio.gyntest.com\/wp-content\/uploads\/Endometriose-test-gyneco-Bg.jpg\" class=\"attachment-large size-large wp-image-1673\" alt=\"\" srcset=\"https:\/\/labio.gyntest.com\/wp-content\/uploads\/Endometriose-test-gyneco-Bg.jpg 1000w, https:\/\/labio.gyntest.com\/wp-content\/uploads\/Endometriose-test-gyneco-Bg-300x200.jpg 300w, https:\/\/labio.gyntest.com\/wp-content\/uploads\/Endometriose-test-gyneco-Bg-768x512.jpg 768w\" sizes=\"(max-width: 1000px) 100vw, 1000px\" \/>\t\t\t\t\t\t\t\t\t\t\t\t\t\t\t<\/div>\n\t\t\t\t<\/div>\n\t\t\t\t<div class=\"elementor-element elementor-element-98ff548 elementor-widget-divider--view-line elementor-widget elementor-widget-divider\" data-id=\"98ff548\" data-element_type=\"widget\" data-e-type=\"widget\" data-widget_type=\"divider.default\">\n\t\t\t\t<div class=\"elementor-widget-container\">\n\t\t\t\t\t\t\t<div class=\"elementor-divider\">\n\t\t\t<span class=\"elementor-divider-separator\">\n\t\t\t\t\t\t<\/span>\n\t\t<\/div>\n\t\t\t\t\t\t<\/div>\n\t\t\t\t<\/div>\n\t\t\t\t<\/div>\n\t\t\t\t\t<\/div>\n\t\t\t\t<\/div>\n\t\t<div class=\"elementor-element elementor-element-19a98466 e-con-full e-flex e-con e-parent\" data-id=\"19a98466\" data-element_type=\"container\" data-e-type=\"container\" data-settings=\"{&quot;background_background&quot;:&quot;classic&quot;}\">\n\t\t<div class=\"elementor-element elementor-element-1b685669 e-con-full e-flex e-con e-child\" data-id=\"1b685669\" data-element_type=\"container\" data-e-type=\"container\">\n\t\t\t\t<div class=\"elementor-element elementor-element-5584012d elementor-widget elementor-widget-text-editor\" data-id=\"5584012d\" data-element_type=\"widget\" data-e-type=\"widget\" data-widget_type=\"text-editor.default\">\n\t\t\t\t<div class=\"elementor-widget-container\">\n\t\t\t\t\t\t\t\t\t<p>Self-sampling is analyzed in a COFRAC-accredited French medical biology laboratory, which delivers reliable results validated by a medical biologist.<\/p>\t\t\t\t\t\t\t\t<\/div>\n\t\t\t\t<\/div>\n\t\t\t\t<div class=\"elementor-element elementor-element-34df8c47 elementor-widget elementor-widget-image\" data-id=\"34df8c47\" data-element_type=\"widget\" data-e-type=\"widget\" data-widget_type=\"image.default\">\n\t\t\t\t<div class=\"elementor-widget-container\">\n\t\t\t\t\t\t\t\t\t\t\t\t\t\t\t<img decoding=\"async\" width=\"616\" height=\"19\" src=\"https:\/\/labio.gyntest.com\/wp-content\/uploads\/Bg-test-gyneco-Bg.jpg\" class=\"attachment-large size-large wp-image-1675\" alt=\"\" srcset=\"https:\/\/labio.gyntest.com\/wp-content\/uploads\/Bg-test-gyneco-Bg.jpg 616w, https:\/\/labio.gyntest.com\/wp-content\/uploads\/Bg-test-gyneco-Bg-300x9.jpg 300w, https:\/\/labio.gyntest.com\/wp-content\/uploads\/Bg-test-gyneco-Bg-600x19.jpg 600w\" sizes=\"(max-width: 616px) 100vw, 616px\" \/>\t\t\t\t\t\t\t\t\t\t\t\t\t\t\t<\/div>\n\t\t\t\t<\/div>\n\t\t\t\t<\/div>\n\t\t<div class=\"elementor-element elementor-element-798e9100 e-con-full e-flex e-con e-child\" data-id=\"798e9100\" data-element_type=\"container\" data-e-type=\"container\">\n\t\t\t\t<div class=\"elementor-element elementor-element-5307d7ad elementor-widget elementor-widget-hotspot\" data-id=\"5307d7ad\" data-element_type=\"widget\" data-e-type=\"widget\" data-settings=\"{&quot;hotspot&quot;:[{&quot;_id&quot;:&quot;ca4a6aa&quot;,&quot;hotspot_tooltip_content&quot;:&quot;&lt;p&gt;Click here to find out more&lt;\\\/p&gt;\\n&quot;,&quot;hotspot_offset_x&quot;:{&quot;unit&quot;:&quot;%&quot;,&quot;size&quot;:78,&quot;sizes&quot;:[]},&quot;hotspot_offset_y&quot;:{&quot;unit&quot;:&quot;%&quot;,&quot;size&quot;:78,&quot;sizes&quot;:[]},&quot;__dynamic__&quot;:{&quot;hotspot_link&quot;:null},&quot;hotspot_link&quot;:{&quot;url&quot;:&quot;https:\\\/\\\/test-hpv.shop\\\/fr\\\/content\\\/7-comment-ca-marche&quot;,&quot;is_external&quot;:&quot;on&quot;,&quot;nofollow&quot;:&quot;&quot;,&quot;custom_attributes&quot;:&quot;&quot;},&quot;index&quot;:0,&quot;hotspot_label&quot;:&quot;&quot;,&quot;hotspot_icon&quot;:{&quot;value&quot;:&quot;&quot;,&quot;library&quot;:&quot;&quot;},&quot;hotspot_icon_position&quot;:null,&quot;hotspot_icon_spacing&quot;:null,&quot;hotspot_custom_size&quot;:&quot;no&quot;,&quot;hotspot_width&quot;:null,&quot;hotspot_height&quot;:null,&quot;hotspot_horizontal&quot;:&quot;left&quot;,&quot;hotspot_vertical&quot;:&quot;top&quot;,&quot;hotspot_tooltip_position&quot;:&quot;no&quot;,&quot;hotspot_position&quot;:null,&quot;hotspot_tooltip_width&quot;:null,&quot;hotspot_tooltip_text_wrap&quot;:null}],&quot;tooltip_trigger&quot;:&quot;mouseenter&quot;,&quot;tooltip_animation&quot;:&quot;e-hotspot--fade-grow&quot;,&quot;hotspot_sequenced_animation&quot;:&quot;no&quot;,&quot;tooltip_position&quot;:&quot;top&quot;}\" data-widget_type=\"hotspot.default\">\n\t\t\t\t<div class=\"elementor-widget-container\">\n\t\t\t\t\t<img decoding=\"async\" width=\"1024\" height=\"530\" src=\"https:\/\/labio.gyntest.com\/wp-content\/uploads\/Test-gyntest-hpv-2-1024x530.png\" class=\"attachment-large size-large wp-image-1674\" alt=\"\" srcset=\"https:\/\/labio.gyntest.com\/wp-content\/uploads\/Test-gyntest-hpv-2-1024x530.png 1024w, https:\/\/labio.gyntest.com\/wp-content\/uploads\/Test-gyntest-hpv-2-300x155.png 300w, https:\/\/labio.gyntest.com\/wp-content\/uploads\/Test-gyntest-hpv-2-768x398.png 768w, https:\/\/labio.gyntest.com\/wp-content\/uploads\/Test-gyntest-hpv-2.png 1500w\" sizes=\"(max-width: 1024px) 100vw, 1024px\" \/>\n\t\t\t\t\t\t<a class=\"e-hotspot elementor-repeater-item-ca4a6aa  e-hotspot--position-left e-hotspot--position-top e-hotspot--link  e-hotspot--circle\" href=\"https:\/\/test-hpv.shop\/fr\/content\/7-comment-ca-marche\" target=\"_blank\">\n\n\t\t\t\t\t\t\t\t<div class=\"e-hotspot__button e-hotspot--expand\">\n\t\t\t\t\t\t\t\t\t\t\t<div class=\"e-hotspot__outer-circle\"><\/div>\n\t\t\t\t\t\t<div class=\"e-hotspot__inner-circle\"><\/div>\n\t\t\t\t\t\t\t\t\t<\/div>\n\n\t\t\t\t\t\t\t\t\t\t\t\t\t\t\t\t\t\t<div class=\"e-hotspot__tooltip  e-hotspot--tooltip-position e-hotspot--fade-grow \" >\n\t\t\t\t\t\t<p>Click here to find out more<\/p>\n\t\t\t\t\t<\/div>\n\t\t\t\t\t\t\t\t\t\n\t\t\t<\/a>\n\n\t\n\t\t\t\t\t\t<\/div>\n\t\t\t\t<\/div>\n\t\t<a class=\"eael-wrapper-link-17d96383 --eael-wrapper-link-tag\" href=\"https:\/\/test-hpv.shop\/fr\/content\/7-comment-ca-marche\" target=\"_blank\"><\/a>\t\t<div data-eael-wrapper-link=\"eael-wrapper-link-17d96383\" class=\"elementor-element elementor-element-17d96383 elementor-widget elementor-widget-text-editor\" data-id=\"17d96383\" data-element_type=\"widget\" data-e-type=\"widget\" data-widget_type=\"text-editor.default\">\n\t\t\t\t<div class=\"elementor-widget-container\">\n\t\t\t\t\t\t\t\t\t<p>Photo of self-sampling device (vaginal veil)<\/p>\t\t\t\t\t\t\t\t<\/div>\n\t\t\t\t<\/div>\n\t\t\t\t<\/div>\n\t\t\t\t<\/div>\n\t\t<div class=\"elementor-element elementor-element-d1a22e5 e-con-full e-flex e-con e-parent\" data-id=\"d1a22e5\" data-element_type=\"container\" data-e-type=\"container\" data-settings=\"{&quot;background_background&quot;:&quot;classic&quot;}\">\n\t\t\t\t<\/div>\n\t\t\t\t<\/div>\n\t\t","protected":false},"excerpt":{"rendered":"<p>Endometriosis In the context of an imbalance in vaginal flora, the reduction or absence of certain bacteria (Atopobium, Gemella) and [&hellip;]<\/p>\n","protected":false},"author":1,"featured_media":1670,"parent":0,"menu_order":0,"comment_status":"closed","ping_status":"closed","template":"","meta":{"site-sidebar-layout":"no-sidebar","site-content-layout":"","ast-site-content-layout":"full-width-container","site-content-style":"default","site-sidebar-style":"default","ast-global-header-display":"","ast-banner-title-visibility":"","ast-main-header-display":"","ast-hfb-above-header-display":"","ast-hfb-below-header-display":"","ast-hfb-mobile-header-display":"","site-post-title":"disabled","ast-breadcrumbs-content":"","ast-featured-img":"disabled","footer-sml-layout":"","ast-disable-related-posts":"","theme-transparent-header-meta":"default","adv-header-id-meta":"","stick-header-meta":"default","header-above-stick-meta":"","header-main-stick-meta":"","header-below-stick-meta":"","astra-migrate-meta-layouts":"default","ast-page-background-enabled":"default","ast-page-background-meta":{"desktop":{"background-color":"var(--ast-global-color-4)","background-image":"","background-repeat":"repeat","background-position":"center center","background-size":"auto","background-attachment":"scroll","background-type":"","background-media":"","overlay-type":"","overlay-color":"","overlay-opacity":"","overlay-gradient":""},"tablet":{"background-color":"","background-image":"","background-repeat":"repeat","background-position":"center center","background-size":"auto","background-attachment":"scroll","background-type":"","background-media":"","overlay-type":"","overlay-color":"","overlay-opacity":"","overlay-gradient":""},"mobile":{"background-color":"","background-image":"","background-repeat":"repeat","background-position":"center center","background-size":"auto","background-attachment":"scroll","background-type":"","background-media":"","overlay-type":"","overlay-color":"","overlay-opacity":"","overlay-gradient":""}},"ast-content-background-meta":{"desktop":{"background-color":"var(--ast-global-color-5)","background-image":"","background-repeat":"repeat","background-position":"center center","background-size":"auto","background-attachment":"scroll","background-type":"","background-media":"","overlay-type":"","overlay-color":"","overlay-opacity":"","overlay-gradient":""},"tablet":{"background-color":"var(--ast-global-color-5)","background-image":"","background-repeat":"repeat","background-position":"center center","background-size":"auto","background-attachment":"scroll","background-type":"","background-media":"","overlay-type":"","overlay-color":"","overlay-opacity":"","overlay-gradient":""},"mobile":{"background-color":"var(--ast-global-color-5)","background-image":"","background-repeat":"repeat","background-position":"center center","background-size":"auto","background-attachment":"scroll","background-type":"","background-media":"","overlay-type":"","overlay-color":"","overlay-opacity":"","overlay-gradient":""}},"footnotes":""},"class_list":["post-1761","page","type-page","status-publish","has-post-thumbnail","hentry"],"yoast_head":"<!-- This site is optimized with the Yoast SEO plugin v27.3 - https:\/\/yoast.com\/product\/yoast-seo-wordpress\/ -->\n<title>Endometriosis - Self-testing - Test kits for women<\/title>\n<meta name=\"description\" content=\"Endometriosis - Vaginal self-sampling: the reduction or absence and increase of certain bacteria helps to orientate the factors...\" \/>\n<meta name=\"robots\" content=\"index, follow, max-snippet:-1, max-image-preview:large, max-video-preview:-1\" \/>\n<link rel=\"canonical\" href=\"https:\/\/labio.gyntest.com\/en\/endometriosis\/\" \/>\n<meta property=\"og:locale\" content=\"en_US\" \/>\n<meta property=\"og:type\" content=\"article\" \/>\n<meta property=\"og:title\" content=\"Endometriosis - Self-testing - Test kits for women\" \/>\n<meta property=\"og:description\" content=\"Endometriosis - Vaginal self-sampling: the reduction or absence and increase of certain bacteria helps to orientate the factors...\" \/>\n<meta property=\"og:url\" content=\"https:\/\/labio.gyntest.com\/en\/endometriosis\/\" \/>\n<meta property=\"og:site_name\" content=\"Labio Gyntest\" \/>\n<meta property=\"article:modified_time\" content=\"2025-05-30T15:26:22+00:00\" \/>\n<meta property=\"og:image\" content=\"https:\/\/labio.gyntest.com\/wp-content\/uploads\/MST-test-gyneco-Bg.jpg\" \/>\n\t<meta property=\"og:image:width\" content=\"1000\" \/>\n\t<meta property=\"og:image:height\" content=\"667\" \/>\n\t<meta property=\"og:image:type\" content=\"image\/jpeg\" \/>\n<meta name=\"twitter:card\" content=\"summary_large_image\" \/>\n<script type=\"application\/ld+json\" class=\"yoast-schema-graph\">{\"@context\":\"https:\\\/\\\/schema.org\",\"@graph\":[{\"@type\":\"WebPage\",\"@id\":\"https:\\\/\\\/labio.gyntest.com\\\/en\\\/endometriosis\\\/\",\"url\":\"https:\\\/\\\/labio.gyntest.com\\\/en\\\/endometriosis\\\/\",\"name\":\"Endometriosis - Self-testing - Test kits for women\",\"isPartOf\":{\"@id\":\"https:\\\/\\\/labio.gyntest.com\\\/en\\\/#website\"},\"primaryImageOfPage\":{\"@id\":\"https:\\\/\\\/labio.gyntest.com\\\/en\\\/endometriosis\\\/#primaryimage\"},\"image\":{\"@id\":\"https:\\\/\\\/labio.gyntest.com\\\/en\\\/endometriosis\\\/#primaryimage\"},\"thumbnailUrl\":\"https:\\\/\\\/labio.gyntest.com\\\/wp-content\\\/uploads\\\/MST-test-gyneco-Bg.jpg\",\"datePublished\":\"2025-02-06T15:29:36+00:00\",\"dateModified\":\"2025-05-30T15:26:22+00:00\",\"description\":\"Endometriosis - Vaginal self-sampling: the reduction or absence and increase of certain bacteria helps to orientate the factors...\",\"breadcrumb\":{\"@id\":\"https:\\\/\\\/labio.gyntest.com\\\/en\\\/endometriosis\\\/#breadcrumb\"},\"inLanguage\":\"en-US\",\"potentialAction\":[{\"@type\":\"ReadAction\",\"target\":[\"https:\\\/\\\/labio.gyntest.com\\\/en\\\/endometriosis\\\/\"]}]},{\"@type\":\"ImageObject\",\"inLanguage\":\"en-US\",\"@id\":\"https:\\\/\\\/labio.gyntest.com\\\/en\\\/endometriosis\\\/#primaryimage\",\"url\":\"https:\\\/\\\/labio.gyntest.com\\\/wp-content\\\/uploads\\\/MST-test-gyneco-Bg.jpg\",\"contentUrl\":\"https:\\\/\\\/labio.gyntest.com\\\/wp-content\\\/uploads\\\/MST-test-gyneco-Bg.jpg\",\"width\":1000,\"height\":667},{\"@type\":\"BreadcrumbList\",\"@id\":\"https:\\\/\\\/labio.gyntest.com\\\/en\\\/endometriosis\\\/#breadcrumb\",\"itemListElement\":[{\"@type\":\"ListItem\",\"position\":1,\"name\":\"Accueil\",\"item\":\"https:\\\/\\\/labio.gyntest.com\\\/en\\\/\"},{\"@type\":\"ListItem\",\"position\":2,\"name\":\"Endometriosis\"}]},{\"@type\":\"WebSite\",\"@id\":\"https:\\\/\\\/labio.gyntest.com\\\/en\\\/#website\",\"url\":\"https:\\\/\\\/labio.gyntest.com\\\/en\\\/\",\"name\":\"Labio Gyntest\",\"description\":\"Auto-pr\u00e9l\u00e8vement vaginal : un d\u00e9pistage de votre sant\u00e9 intime en toute simplicit\u00e9\",\"publisher\":{\"@id\":\"https:\\\/\\\/labio.gyntest.com\\\/en\\\/#organization\"},\"potentialAction\":[{\"@type\":\"SearchAction\",\"target\":{\"@type\":\"EntryPoint\",\"urlTemplate\":\"https:\\\/\\\/labio.gyntest.com\\\/en\\\/?s={search_term_string}\"},\"query-input\":{\"@type\":\"PropertyValueSpecification\",\"valueRequired\":true,\"valueName\":\"search_term_string\"}}],\"inLanguage\":\"en-US\"},{\"@type\":\"Organization\",\"@id\":\"https:\\\/\\\/labio.gyntest.com\\\/en\\\/#organization\",\"name\":\"Labio Gyntest\",\"url\":\"https:\\\/\\\/labio.gyntest.com\\\/en\\\/\",\"logo\":{\"@type\":\"ImageObject\",\"inLanguage\":\"en-US\",\"@id\":\"https:\\\/\\\/labio.gyntest.com\\\/en\\\/#\\\/schema\\\/logo\\\/image\\\/\",\"url\":\"https:\\\/\\\/labio.gyntest.com\\\/wp-content\\\/uploads\\\/Logo-gyntest-pg.png\",\"contentUrl\":\"https:\\\/\\\/labio.gyntest.com\\\/wp-content\\\/uploads\\\/Logo-gyntest-pg.png\",\"width\":1417,\"height\":186,\"caption\":\"Labio Gyntest\"},\"image\":{\"@id\":\"https:\\\/\\\/labio.gyntest.com\\\/en\\\/#\\\/schema\\\/logo\\\/image\\\/\"}}]}<\/script>\n<!-- \/ Yoast SEO plugin. -->","yoast_head_json":{"title":"Endometriosis - Self-testing - Test kits for women","description":"Endometriosis - Vaginal self-sampling: the reduction or absence and increase of certain bacteria helps to orientate the factors...","robots":{"index":"index","follow":"follow","max-snippet":"max-snippet:-1","max-image-preview":"max-image-preview:large","max-video-preview":"max-video-preview:-1"},"canonical":"https:\/\/labio.gyntest.com\/en\/endometriosis\/","og_locale":"en_US","og_type":"article","og_title":"Endometriosis - Self-testing - Test kits for women","og_description":"Endometriosis - Vaginal self-sampling: the reduction or absence and increase of certain bacteria helps to orientate the factors...","og_url":"https:\/\/labio.gyntest.com\/en\/endometriosis\/","og_site_name":"Labio Gyntest","article_modified_time":"2025-05-30T15:26:22+00:00","og_image":[{"width":1000,"height":667,"url":"https:\/\/labio.gyntest.com\/wp-content\/uploads\/MST-test-gyneco-Bg.jpg","type":"image\/jpeg"}],"twitter_card":"summary_large_image","schema":{"@context":"https:\/\/schema.org","@graph":[{"@type":"WebPage","@id":"https:\/\/labio.gyntest.com\/en\/endometriosis\/","url":"https:\/\/labio.gyntest.com\/en\/endometriosis\/","name":"Endometriosis - Self-testing - Test kits for women","isPartOf":{"@id":"https:\/\/labio.gyntest.com\/en\/#website"},"primaryImageOfPage":{"@id":"https:\/\/labio.gyntest.com\/en\/endometriosis\/#primaryimage"},"image":{"@id":"https:\/\/labio.gyntest.com\/en\/endometriosis\/#primaryimage"},"thumbnailUrl":"https:\/\/labio.gyntest.com\/wp-content\/uploads\/MST-test-gyneco-Bg.jpg","datePublished":"2025-02-06T15:29:36+00:00","dateModified":"2025-05-30T15:26:22+00:00","description":"Endometriosis - Vaginal self-sampling: the reduction or absence and increase of certain bacteria helps to orientate the factors...","breadcrumb":{"@id":"https:\/\/labio.gyntest.com\/en\/endometriosis\/#breadcrumb"},"inLanguage":"en-US","potentialAction":[{"@type":"ReadAction","target":["https:\/\/labio.gyntest.com\/en\/endometriosis\/"]}]},{"@type":"ImageObject","inLanguage":"en-US","@id":"https:\/\/labio.gyntest.com\/en\/endometriosis\/#primaryimage","url":"https:\/\/labio.gyntest.com\/wp-content\/uploads\/MST-test-gyneco-Bg.jpg","contentUrl":"https:\/\/labio.gyntest.com\/wp-content\/uploads\/MST-test-gyneco-Bg.jpg","width":1000,"height":667},{"@type":"BreadcrumbList","@id":"https:\/\/labio.gyntest.com\/en\/endometriosis\/#breadcrumb","itemListElement":[{"@type":"ListItem","position":1,"name":"Accueil","item":"https:\/\/labio.gyntest.com\/en\/"},{"@type":"ListItem","position":2,"name":"Endometriosis"}]},{"@type":"WebSite","@id":"https:\/\/labio.gyntest.com\/en\/#website","url":"https:\/\/labio.gyntest.com\/en\/","name":"Labio Gyntest","description":"Auto-pr\u00e9l\u00e8vement vaginal : un d\u00e9pistage de votre sant\u00e9 intime en toute simplicit\u00e9","publisher":{"@id":"https:\/\/labio.gyntest.com\/en\/#organization"},"potentialAction":[{"@type":"SearchAction","target":{"@type":"EntryPoint","urlTemplate":"https:\/\/labio.gyntest.com\/en\/?s={search_term_string}"},"query-input":{"@type":"PropertyValueSpecification","valueRequired":true,"valueName":"search_term_string"}}],"inLanguage":"en-US"},{"@type":"Organization","@id":"https:\/\/labio.gyntest.com\/en\/#organization","name":"Labio Gyntest","url":"https:\/\/labio.gyntest.com\/en\/","logo":{"@type":"ImageObject","inLanguage":"en-US","@id":"https:\/\/labio.gyntest.com\/en\/#\/schema\/logo\/image\/","url":"https:\/\/labio.gyntest.com\/wp-content\/uploads\/Logo-gyntest-pg.png","contentUrl":"https:\/\/labio.gyntest.com\/wp-content\/uploads\/Logo-gyntest-pg.png","width":1417,"height":186,"caption":"Labio Gyntest"},"image":{"@id":"https:\/\/labio.gyntest.com\/en\/#\/schema\/logo\/image\/"}}]}},"_links":{"self":[{"href":"https:\/\/labio.gyntest.com\/en\/wp-json\/wp\/v2\/pages\/1761","targetHints":{"allow":["GET"]}}],"collection":[{"href":"https:\/\/labio.gyntest.com\/en\/wp-json\/wp\/v2\/pages"}],"about":[{"href":"https:\/\/labio.gyntest.com\/en\/wp-json\/wp\/v2\/types\/page"}],"author":[{"embeddable":true,"href":"https:\/\/labio.gyntest.com\/en\/wp-json\/wp\/v2\/users\/1"}],"replies":[{"embeddable":true,"href":"https:\/\/labio.gyntest.com\/en\/wp-json\/wp\/v2\/comments?post=1761"}],"version-history":[{"count":1,"href":"https:\/\/labio.gyntest.com\/en\/wp-json\/wp\/v2\/pages\/1761\/revisions"}],"predecessor-version":[{"id":1762,"href":"https:\/\/labio.gyntest.com\/en\/wp-json\/wp\/v2\/pages\/1761\/revisions\/1762"}],"wp:featuredmedia":[{"embeddable":true,"href":"https:\/\/labio.gyntest.com\/en\/wp-json\/wp\/v2\/media\/1670"}],"wp:attachment":[{"href":"https:\/\/labio.gyntest.com\/en\/wp-json\/wp\/v2\/media?parent=1761"}],"curies":[{"name":"wp","href":"https:\/\/api.w.org\/{rel}","templated":true}]}}